{"id":50,"date":"2017-05-02T16:00:17","date_gmt":"2017-05-02T16:00:17","guid":{"rendered":"https:\/\/victorthemes.com\/themes\/brixey\/?page_id=50"},"modified":"2026-04-02T11:06:03","modified_gmt":"2026-04-02T09:06:03","slug":"groupe","status":"publish","type":"page","link":"https:\/\/valuestate.fr\/fr\/groupe","title":{"rendered":"Groupe"},"content":{"rendered":"<div class=\"wpb-content-wrapper\"><p>[vc_row full_width=\u00a0\u00bbstretch_row_content_no_spaces\u00a0\u00bb content_placement=\u00a0\u00bbmiddle\u00a0\u00bb overlay_dotted=\u00a0\u00bbtrue\u00a0\u00bb css=\u00a0\u00bb.vc_custom_1775120611722{background-image: url(http:\/\/valuestate.fr\/wp-content\/uploads\/2018\/05\/office-3295556_1920.jpg?id=1543) !important;background-position: center !important;background-repeat: no-repeat !important;background-size: cover !important;}\u00a0\u00bb min_height=\u00a0\u00bb800&Prime;][vc_column][\/vc_column][\/vc_row][vc_row overlay_dotted=\u00a0\u00bbtrue\u00a0\u00bb el_class=\u00a0\u00bbcontainer brxy-itroduction\u00a0\u00bb css=\u00a0\u00bb.vc_custom_1527007038925{margin-top: 40px !important;padding-bottom: 100px !important;}\u00a0\u00bb][vc_column width=\u00a0\u00bb1\/2&Prime; css=\u00a0\u00bb.vc_custom_1494849202195{padding-left: 0px !important;}\u00a0\u00bb][vc_column_text]<div class=\"brxy-title brxy-title-1 brxy-title-69fb2df829767\">Notre expertise<\/div>\n<p style=\"font-weight: 400;\">ValueState est une soci\u00e9t\u00e9 sp\u00e9cialis\u00e9e dans l&rsquo;investissement immobilier et la gestion d\u2019actifs h\u00f4teliers franchis\u00e9s\u00a0 en Europe.<\/p>\n<p>[\/vc_column_text][vc_column_text css=\u00a0\u00bb.vc_custom_1528035910849{margin-top: 30px !important;}\u00a0\u00bb]<div class=\"brxy-title brxy-title-1 brxy-title-69fb2df829781\">Notre m\u00e9tier<\/div>\n<p style=\"font-weight: 400;\">En pr\u00e9ouverture :<\/p>\n<ul class=\"services-list\">\n<li><i class=\"fa fa-wrench\"><\/i>Travaux de r\u00e9novation<\/li>\n<li><i class=\"fa fa-compass\"><\/i>Changement de destination<\/li>\n<li><i class=\"fa fa-clone\"><\/i>S\u00e9lection d\u2019enseigne<\/li>\n<\/ul>\n<p>&nbsp;<\/p>\n<p style=\"font-weight: 400;\">En exploitation :<\/p>\n<ul class=\"services-list\">\n<li><i class=\"fa fa-cart-arrow-down\"><\/i>Rationalisation des co\u00fbts<\/li>\n<li><i class=\"fa fa-trophy\"><\/i> Excellence op\u00e9rationnelle<\/li>\n<li><i class=\"fa fa-line-chart\"><\/i> Yield management<\/li>\n<\/ul>\n<p>[\/vc_column_text][\/vc_column][vc_column width=\u00a0\u00bb1\/2&Prime; css=\u00a0\u00bb.vc_custom_1494849208079{padding-right: 0px !important;}\u00a0\u00bb][vc_column_text css=\u00a0\u00bb.vc_custom_1527945155815{margin-bottom: 20px !important;}\u00a0\u00bb]<div class=\"brxy-title brxy-title-1 brxy-title-69fb2df82978e\">Notre strat\u00e9gie<\/div>\n<p>Valuestate constitue un portefeuille d\u2019h\u00f4tels entre 3 et 5 \u00e9toiles, situ\u00e9s en centre-ville, dont la valeur d\u2019achat se situe en de\u00e7\u00e0 de sa valeur intrins\u00e8que. Dans le choix de ses actifs, ValueState porte un soin particulier \u00e0 la qualit\u00e9 de l\u2019emplacement, \u00e0 la r\u00e9silience du taux d\u2019occupation et au potentiel de d\u00e9veloppement des ventes.<\/p>\n<p>Nos investissements :[\/vc_column_text]    <div class=\"brxy-progressbar  brxy-progressbar-69fb2df8297b3\">\n          <div class=\"clearfix\">Hotels sans restaurant<span>100%<\/span><\/div>\n      <div class=\"progress brxy-prog-69fb2df8297d11\">\n        <div class=\"progress-bar\" role=\"progressbar\" data-percent=\"100%\"><\/div>\n      <\/div>      \n          <div class=\"clearfix\">Murs et Fonds<span>75%<\/span><\/div>\n      <div class=\"progress brxy-prog-69fb2df8297da2\">\n        <div class=\"progress-bar\" role=\"progressbar\" data-percent=\"75%\"><\/div>\n      <\/div>      \n        <\/div>\n  [vc_column_text css=\u00a0\u00bb.vc_custom_1528143666625{margin-top: 30px !important;}\u00a0\u00bb]<div class=\"brxy-title brxy-title-1 brxy-title-69fb2df8297ee\">Notre Objectif<\/div>\n<blockquote><p><strong>Devenir un des leaders de la franchise en Europe.<\/strong><\/p><\/blockquote>\n<p>[\/vc_column_text][\/vc_column][\/vc_row][vc_row][vc_column][vc_empty_space height=\u00a0\u00bb100px\u00a0\u00bb][\/vc_column][\/vc_row]<\/p>\n<\/div>","protected":false},"excerpt":{"rendered":"[vc_row full_width=\u00a0\u00bbstretch_row_content_no_spaces\u00a0\u00bb content_placement=\u00a0\u00bbmiddle\u00a0\u00bb overlay_dotted=\u00a0\u00bbtrue\u00a0\u00bb css=\u00a0\u00bb.vc_custom_1775120611722{background-image: url(http:\/\/valuestate.fr\/wp-content\/uploads\/2018\/05\/office-3295556_1920.jpg?id=1543) !important;background-position: center !important;background-repeat: no-repeat !important;background-size: cover !important;}\u00a0\u00bb min_height=\u00a0\u00bb800&Prime;][vc_column][\/vc_column][\/vc_row][vc_row overlay_dotted=\u00a0\u00bbtrue\u00a0\u00bb el_class=\u00a0\u00bbcontainer brxy-itroduction\u00a0\u00bb css=\u00a0\u00bb.vc_custom_1527007038925{margin-top: 40px !important;padding-bottom: 100px !important;}\u00a0\u00bb][vc_column width=\u00a0\u00bb1\/2&Prime; css=\u00a0\u00bb.vc_custom_1494849202195{padding-left: 0px !important;}\u00a0\u00bb][vc_column_text] ValueState est une soci\u00e9t\u00e9 sp\u00e9cialis\u00e9e dans l&rsquo;investissement immobilier et la gestion d\u2019actifs h\u00f4teliers franchis\u00e9s\u00a0 en Europe. [\/vc_column_text][vc_column_text css=\u00a0\u00bb.vc_custom_1528035910849{margin-top: 30px !important;}\u00a0\u00bb] En pr\u00e9ouverture : Travaux de r\u00e9novation Changement de destination&#8230;","protected":false},"author":1,"featured_media":1543,"parent":0,"menu_order":0,"comment_status":"closed","ping_status":"closed","template":"","meta":{"footnotes":""},"class_list":["post-50","page","type-page","status-publish","has-post-thumbnail","hentry"],"_links":{"self":[{"href":"https:\/\/valuestate.fr\/fr\/wp-json\/wp\/v2\/pages\/50","targetHints":{"allow":["GET"]}}],"collection":[{"href":"https:\/\/valuestate.fr\/fr\/wp-json\/wp\/v2\/pages"}],"about":[{"href":"https:\/\/valuestate.fr\/fr\/wp-json\/wp\/v2\/types\/page"}],"author":[{"embeddable":true,"href":"https:\/\/valuestate.fr\/fr\/wp-json\/wp\/v2\/users\/1"}],"replies":[{"embeddable":true,"href":"https:\/\/valuestate.fr\/fr\/wp-json\/wp\/v2\/comments?post=50"}],"version-history":[{"count":7,"href":"https:\/\/valuestate.fr\/fr\/wp-json\/wp\/v2\/pages\/50\/revisions"}],"predecessor-version":[{"id":1879,"href":"https:\/\/valuestate.fr\/fr\/wp-json\/wp\/v2\/pages\/50\/revisions\/1879"}],"wp:featuredmedia":[{"embeddable":true,"href":"https:\/\/valuestate.fr\/fr\/wp-json\/wp\/v2\/media\/1543"}],"wp:attachment":[{"href":"https:\/\/valuestate.fr\/fr\/wp-json\/wp\/v2\/media?parent=50"}],"curies":[{"name":"wp","href":"https:\/\/api.w.org\/{rel}","templated":true}]}}